{"id":3373,"date":"2026-04-09T09:40:54","date_gmt":"2026-04-09T07:40:54","guid":{"rendered":"https:\/\/shop.zakelj.si\/?post_type=product&#038;p=3373"},"modified":"2026-04-09T09:55:47","modified_gmt":"2026-04-09T07:55:47","slug":"pavia-pure-ii","status":"publish","type":"product","link":"https:\/\/shop.zakelj.si\/en\/product\/pavia-pure-ii\/","title":{"rendered":"PAVIA PURE II"},"content":{"rendered":"<p>Sede\u017ena garnitura PAVIA PURE o\u010dara s svojo <strong>prostornostjo in lahkotnostjo<\/strong>. S funkcijo <strong>premi\u010dnega in nastavljivega naslona<\/strong> lahko vsak najde idealno kombinacijo za po\u010divanje.<\/p>\n<p>Posebnost modela PAVIA PURE so <strong>naslonjala ki so vi\u0161ja<\/strong>, ledveni del je nekoliko oja\u010dan ter zgornji del naslona omogo\u010da stopenjsko prilagajanje naklona. Je dobra izbira za tiste, ki si \u017eelite nekoliko vi\u0161je naslonjalo in najbolj <strong>optimalno podporo hrbtnega dela.<\/strong><\/p>\n<p><strong>Nastavljiva stranica<\/strong> uporabniku nudi udobje tako pri sedenju, kot tudi nudi prijetno oporo za glavo pri le\u017eanju.<\/p>\n<p>Hrbtna naslonjala pri dvosedu so premi\u010dna, kar pomeni da lahko <strong>globino sede\u017ea pove\u010date iz 60cm na 85cm in si tako ustvarite pravo oazo udobja.<\/strong><\/p>\n<p>Tkanina iz katere je sede\u017ena garnitura izdelana je izredno prijetnega otipa, ter obdelala s tovarni\u0161ko impregnacijo proti vdoru teko\u010dine in prahu.<\/p>\n<p><strong>Izdelki \u017dakelj so plod slovenskega znanja, izku\u0161enj in tradicije. So izdelki vrhunske kakovosti, ter udobja ki traja.<\/strong><\/p>\n<p>&nbsp;<\/p>","protected":false},"excerpt":{"rendered":"<p><strong>Cena velja za eksponat v odprodaji.\u00a0<\/strong><\/p>\n<p>Redna cena 5.732<\/p>\n<p>Dimenzije <strong>320x250cm<\/strong><\/p>\n<p>pregibna stranica 45cm + dvosed \/pomik naslona 160cm + kotni le\u017ealnik 115\/140 + enosed\/ pomik naslona 70cm + odprti zaklju\u010dek 40cm<\/p>\n<p>Vi\u0161ina sede\u017ena 40cm<\/p>\n<p>Skupna vi\u0161ina 100cm<\/p>\n<p>Globina 115cm<\/p>\n<p>Globina sede\u017ea 60cm, s pove\u010davo sedi\u0161\u010da se globina pove\u010da na 85cm<\/p>\n<p>Vzglavniki so stopenjsko nastavljivi<\/p>\n<p>Sede\u017ena garnitura stoji na \u010drnih saneh vi\u0161ine 12cm ( \u010drno pra\u0161no barvana kovina)<\/p>\n<p><strong>Naslonjala so stopenjsko nastavljiva, za popolno udobje pri sedenju.<\/strong><\/p>\n<p>t4 &#8211; tkanina <strong>vi\u0161je kakovosti<\/strong>, VICTORY 347. <strong>Tkanina je za\u0161\u010ditena z impregnacijo proti vdoru teko\u010dine in prahu<\/strong><\/p>\n<p>Sede\u017ena garnitura je eksponat v odprodaji.<\/p>\n<p>Ogled in nakup je mo\u017een v salonu <a href=\"https:\/\/shop.zakelj.si\/en\/kontakt\/\">\u017dakelj Lesce<\/a><\/p>\n<p>&nbsp;<\/p>","protected":false},"featured_media":3374,"template":"","meta":[],"_links":{"self":[{"href":"https:\/\/shop.zakelj.si\/en\/wp-json\/wp\/v2\/product\/3373"}],"collection":[{"href":"https:\/\/shop.zakelj.si\/en\/wp-json\/wp\/v2\/product"}],"about":[{"href":"https:\/\/shop.zakelj.si\/en\/wp-json\/wp\/v2\/types\/product"}],"wp:featuredmedia":[{"embeddable":true,"href":"https:\/\/shop.zakelj.si\/en\/wp-json\/wp\/v2\/media\/3374"}],"wp:attachment":[{"href":"https:\/\/shop.zakelj.si\/en\/wp-json\/wp\/v2\/media?parent=3373"}],"curies":[{"name":"wp","href":"https:\/\/api.w.org\/{rel}","templated":true}]}}