{"id":3257,"date":"2025-12-09T13:34:41","date_gmt":"2025-12-09T12:34:41","guid":{"rendered":"https:\/\/shop.zakelj.si\/?post_type=product&#038;p=3257"},"modified":"2025-12-09T13:50:14","modified_gmt":"2025-12-09T12:50:14","slug":"pocivalnik-val","status":"publish","type":"product","link":"https:\/\/shop.zakelj.si\/en\/product\/pocivalnik-val\/","title":{"rendered":"PO\u010cIVALNIK VAL"},"content":{"rendered":"<p>Po\u010divalnik VAL zaradi <strong>enostavnega prilagajanje naklona naslona in opornika nog predstavlja idealen prostor za kvaliteten po\u010ditek.<\/strong><\/p>\n<p>Mehanizem po\u010divalnika je lahko mehanski. <strong>Ima tri pozicije; sede\u010da, polle\u017ee\u010da in le\u017ee\u010da.<\/strong><\/p>\n<p>Po\u010divalnik zaradi svojih dimenzij in ergonomskega sede\u017ea predstavlja dobro izbiro predvsem za tiste, ki <strong>\u017eelijo optimalno podporo vratu in glave. Vi\u0161ina po\u010divalnika je namre\u010d 110cm.<\/strong><\/p>\n<p>Po\u010divalnik je<strong> vzmeten s kovinskimi vzmetni, naslonjalo pa je oja\u010dano z elasti\u010dnimi trakovi.<\/strong><\/p>\n<p>Po\u010divalnik VAL je zaradi svoje univerzalne oblike primeren za vsak bivalni prostor.<\/p>","protected":false},"excerpt":{"rendered":"<p><strong>Cena velja za eksponat v odprodaji.<\/strong><\/p>\n<p>Redna cena 1.012\u20ac -10%<\/p>\n<p>Dimenzije<\/p>\n<p>globina 93cm<\/p>\n<p>\u0160irina 76cm<\/p>\n<p>Vi\u0161ina 110cm<\/p>\n<p><strong>Po\u010divalnik ima vgrajeno 3 stopenjsko mehansko relax funkcijo<\/strong>, kjer si lahko pozicijo spremenite iz sede\u010de, v polle\u017ee\u010do in le\u017ee\u010do pozicijo.<\/p>\n<p><strong>Vzglavnik je premi\u010den in si ga prilagodite glede na svojo vi\u0161ino<\/strong><\/p>\n<p>Je <strong>izredno udoben po\u010divalnik<\/strong> in odli\u010dna izbira za tiste ki \u017eelijo <strong>ergonomski stol z dobro ledveno podporo.<\/strong><\/p>\n<p><strong>Tkanina<\/strong> iz katere je po\u010divalnik izdelan ima <strong>vodoodbojni nanos<\/strong> in omogo\u010da enostavno \u010di\u0161\u010denje in vzdr\u017eevanje.<\/p>\n<p>Po\u010divalnik je eksponat v odprdaji.<\/p>\n<p>Ogled in nakup je mo\u017een v pohi\u0161tvenem salonu \u017dakelj Koper<\/p>","protected":false},"featured_media":3258,"template":"","meta":[],"_links":{"self":[{"href":"https:\/\/shop.zakelj.si\/en\/wp-json\/wp\/v2\/product\/3257"}],"collection":[{"href":"https:\/\/shop.zakelj.si\/en\/wp-json\/wp\/v2\/product"}],"about":[{"href":"https:\/\/shop.zakelj.si\/en\/wp-json\/wp\/v2\/types\/product"}],"wp:featuredmedia":[{"embeddable":true,"href":"https:\/\/shop.zakelj.si\/en\/wp-json\/wp\/v2\/media\/3258"}],"wp:attachment":[{"href":"https:\/\/shop.zakelj.si\/en\/wp-json\/wp\/v2\/media?parent=3257"}],"curies":[{"name":"wp","href":"https:\/\/api.w.org\/{rel}","templated":true}]}}