{"id":3242,"date":"2025-12-09T12:35:25","date_gmt":"2025-12-09T11:35:25","guid":{"rendered":"https:\/\/shop.zakelj.si\/?post_type=product&#038;p=3242"},"modified":"2025-12-09T13:09:26","modified_gmt":"2025-12-09T12:09:26","slug":"cloud","status":"publish","type":"product","link":"https:\/\/shop.zakelj.si\/en\/product\/cloud\/","title":{"rendered":"CLOUD"},"content":{"rendered":"<p>Gugalnik CLOUD zaradi svoje zasnove nudi izjemno udobje, v dolo\u010deni poziciji ob\u010dutek lebdenja, kar na telo deluje zelo spro\u0161\u010dujo\u010de.<\/p>\n<p>Prostorsko ne zavzame veliko prostora, a hkrati popestri bivalni prostor in uporabniku nudi udobje, ki se mu je te\u017eko upreti.<\/p>\n<p>Gugalnik CLOUD je izdelan iz govejega usnja vrhunske kakovosti, s prijetnim ob\u010dutkom na dotik. Temperatura usnja se zaradi svoje obdelave prilagodi temperaturi prostora, leseni deli pa gugalnik naredijo \u0161e bolj doma\u010d in prijeten.<\/p>\n<p>Izdelki \u017dakelj so plod slovenskega znanja, izku\u0161enj in tradicije. So izjemno kakovostni izdelki namenjeni dolgoro\u010dni uporabi in zagotovljenemu zadovoljstvu.<\/p>","protected":false},"excerpt":{"rendered":"<p><strong>Cena velja za eksponat v odprodaji.<\/strong><\/p>\n<p>Redna cena 1.188\u20ac<\/p>\n<p>Gugalnik CLOUD ima <strong>funkcijo gugalnega stola<\/strong> z mo\u017enostjo nastavitve lahkotnosti premikanja<\/p>\n<p><strong>Je izredno udoben stol, ki ne zavzame veliko prostora<\/strong>.<\/p>\n<p>Rokonasloni so oblazinjeni.<\/p>\n<p>Leseni del je izdelan iz <strong>vezanega lesa bukev, lu\u017eeno na hrast<\/strong><\/p>\n<p>Usnje : u9 &#8211; <strong>goveje usnje vi\u0161je kakovosti.<\/strong><\/p>\n<p>Gugalnik je eksponat v odprodaji<\/p>\n<p>Ogled in nakup je mo\u017een v salonu<a href=\"http:\/\/kontakt\"> \u017dakelj Koper<\/a><\/p>","protected":false},"featured_media":3243,"template":"","meta":[],"_links":{"self":[{"href":"https:\/\/shop.zakelj.si\/en\/wp-json\/wp\/v2\/product\/3242"}],"collection":[{"href":"https:\/\/shop.zakelj.si\/en\/wp-json\/wp\/v2\/product"}],"about":[{"href":"https:\/\/shop.zakelj.si\/en\/wp-json\/wp\/v2\/types\/product"}],"wp:featuredmedia":[{"embeddable":true,"href":"https:\/\/shop.zakelj.si\/en\/wp-json\/wp\/v2\/media\/3243"}],"wp:attachment":[{"href":"https:\/\/shop.zakelj.si\/en\/wp-json\/wp\/v2\/media?parent=3242"}],"curies":[{"name":"wp","href":"https:\/\/api.w.org\/{rel}","templated":true}]}}