{"id":3190,"date":"2025-10-23T14:42:10","date_gmt":"2025-10-23T12:42:10","guid":{"rendered":"https:\/\/shop.zakelj.si\/?post_type=product&#038;p=3190"},"modified":"2025-10-23T14:59:54","modified_gmt":"2025-10-23T12:59:54","slug":"life-up","status":"publish","type":"product","link":"https:\/\/shop.zakelj.si\/en\/product\/life-up\/","title":{"rendered":"LIFE UP"},"content":{"rendered":"<p>Sede\u017ena garnitura LIFE UP je<strong> popolna izbira<\/strong> kadar i\u0161\u010dete sede\u017eno garnituro <strong>lahkotnega dizajna, izjemnega udobja in kakovostne izdelave,<\/strong> ki ji boste hvale\u017eni \u0161e leta in leta.<\/p>\n<p><strong>Tkanina<\/strong> da <strong>mehkobo<\/strong>, <strong>masiven hrastov podstavek toplino<\/strong> in polnilo, udobje, ki se mu je te\u017eko odre\u010di.<\/p>\n<p>Postavitev velikosti <strong>300x205cm<\/strong> uporabniku nudi ve\u010d kot dovolj prostora za <strong>udobno sedenje, lahkotno le\u017eanje<\/strong> ali crkljanje cele dru\u017eine.<\/p>\n<p>Tkanina iz katere je sede\u017ena garnitura izdelana, poleg prijetnega otipa uporabnika navdu\u0161i s svojo <strong>dolgo \u017eivljenjsko dobo ter predvsem z dejstvom da je obdelana z impregnacijo, ki omogo\u010da enostavno \u010di\u0161\u010denje in vzdr\u017eevanje.<\/strong><\/p>\n<p>Polnilo v sedalnih blazinah LIFE UP je sestavljeno iz <strong>ve\u010dplastne gumirane pene<\/strong>, spodnji tr\u0161i sloj iz tr\u0161e kompaktne pene, zgornji sloji so izdelani iz <strong>mehkej\u0161e, udobnej\u0161e pene.<\/strong> <strong>Polnilo ima izredno visoko gostoto in elasti\u010dnost,<\/strong> sestava pa je izdelana na na\u010din, da dolgoro\u010dno ohranja pro\u017enost in videz izdelka.<\/p>\n<p><strong>Izdelki \u017dakelj so plod slovenskega znanja, izku\u0161enj in tradicije. So izdelki vrhunske kakovosti, ki uporabnika navdu\u0161ujejo \u0161e leta in leta.<\/strong><\/p>","protected":false},"excerpt":{"rendered":"<p><strong>Cena velja za eksponat v odprodaji.<\/strong><\/p>\n<p>Redna cena 4.427\u20ac<\/p>\n<p>Dimenzije <strong>300x205cm<\/strong><\/p>\n<p>Globina 105cm, globina sede\u017ea 60cm<\/p>\n<p>Vi\u0161ina 78cm, vi\u0161ina sede\u017ea 44cm<\/p>\n<p>stranica + dvosed + le\u017ealnik z vgrajeno stranico + premi\u010dni vzglavnik<\/p>\n<p>lesen podstavek: <strong>hrast temno lu\u017een<\/strong><\/p>\n<p>tkanina: t4 &#8211; FANTASY 248 \/ <strong>tkanina vi\u0161je kakovosti, za\u0161\u010diten z impregnacijo proti vdoru teko\u010dine in prahu.<\/strong><\/p>\n<p>Sede\u017ena garniture je eksponat v odprodaji.<\/p>\n<p>Ogled in nakup je mo\u017een v pohi\u0161tvenem salonu <a href=\"https:\/\/shop.zakelj.si\/en\/kontakt\/\">\u017dakelj na proizvodnji (\u017diri)<\/a><\/p>\n<p>&nbsp;<\/p>","protected":false},"featured_media":3191,"template":"","meta":[],"_links":{"self":[{"href":"https:\/\/shop.zakelj.si\/en\/wp-json\/wp\/v2\/product\/3190"}],"collection":[{"href":"https:\/\/shop.zakelj.si\/en\/wp-json\/wp\/v2\/product"}],"about":[{"href":"https:\/\/shop.zakelj.si\/en\/wp-json\/wp\/v2\/types\/product"}],"wp:featuredmedia":[{"embeddable":true,"href":"https:\/\/shop.zakelj.si\/en\/wp-json\/wp\/v2\/media\/3191"}],"wp:attachment":[{"href":"https:\/\/shop.zakelj.si\/en\/wp-json\/wp\/v2\/media?parent=3190"}],"curies":[{"name":"wp","href":"https:\/\/api.w.org\/{rel}","templated":true}]}}