{"id":3164,"date":"2025-10-23T08:42:39","date_gmt":"2025-10-23T06:42:39","guid":{"rendered":"https:\/\/shop.zakelj.si\/?post_type=product&#038;p=3164"},"modified":"2025-10-23T15:03:14","modified_gmt":"2025-10-23T13:03:14","slug":"zara-box-trzin","status":"publish","type":"product","link":"https:\/\/shop.zakelj.si\/en\/product\/zara-box-trzin\/","title":{"rendered":"ZARA BOX"},"content":{"rendered":"<p>Postelja ZARA BOX je ve\u010d kot le postelja. Je prava oaza udobja, sredi spalnice. Zara Box je izredno <strong>udobna, zaobljenih elegantnih oblik in odli\u010dna re\u0161itev za tiste, ki si \u017eelite nekaj ve\u010d.<\/strong><\/p>\n<p>Zara BOX pa skriva tudi<strong> izredno prostoren predal.<\/strong> Predal je <strong>dvi\u017eni<\/strong> in je primeren za shranjevanje volumensko la\u017ejih predmetov.<\/p>\n<p><strong>Tkanina<\/strong> iz katere je postelja izdelana je <strong>prijetnega otipa<\/strong>, \u010dudovitega odtenka zelene barve in <strong>enostavna za \u010di\u0161\u010denje in vzdr\u017eevanje.<\/strong><\/p>\n<p>Dimenzija postelje je<strong> 160x200cm<\/strong><\/p>\n<p>Postelje \u017dakelj so postelje z <strong>izredno trpe\u017enostjo in trdnostjo in uporabniku prina\u0161ajo dolgoro\u010dno zadovoljstvo.<\/strong><\/p>\n<p>&nbsp;<\/p>","protected":false},"excerpt":{"rendered":"<p><strong>Cena velja za eksponat v odprodaji<\/strong><\/p>\n<p>Redna cena 1.478\u20ac<\/p>\n<p>Dimenzije<strong> 160x200cm,<\/strong> zunanje dimenzije 180x212x168cm<\/p>\n<p>Postelja <strong>vsebuje dvi\u017eni predal<\/strong><\/p>\n<p>Tkanina: CABO 58 &#8211; <strong>izredno prijetna in mehka tkanina<\/strong>. Tkanina je <strong>uporabniku prijazna<\/strong> in omogo\u010da enostavno vzdr\u017eevanje.<\/p>\n<p>Ogled in nakup postelje je mo\u017een v salonu <a href=\"https:\/\/shop.zakelj.si\/en\/kontakt\/\">\u017dakelj Trzin<\/a><\/p>\n<p>Vzmetnica in dekoracija niso vklju\u010deni v ceni.<\/p>","protected":false},"featured_media":3165,"template":"","meta":[],"_links":{"self":[{"href":"https:\/\/shop.zakelj.si\/en\/wp-json\/wp\/v2\/product\/3164"}],"collection":[{"href":"https:\/\/shop.zakelj.si\/en\/wp-json\/wp\/v2\/product"}],"about":[{"href":"https:\/\/shop.zakelj.si\/en\/wp-json\/wp\/v2\/types\/product"}],"wp:featuredmedia":[{"embeddable":true,"href":"https:\/\/shop.zakelj.si\/en\/wp-json\/wp\/v2\/media\/3165"}],"wp:attachment":[{"href":"https:\/\/shop.zakelj.si\/en\/wp-json\/wp\/v2\/media?parent=3164"}],"curies":[{"name":"wp","href":"https:\/\/api.w.org\/{rel}","templated":true}]}}