{"id":3108,"date":"2025-08-01T11:51:18","date_gmt":"2025-08-01T09:51:18","guid":{"rendered":"https:\/\/shop.zakelj.si\/?post_type=product&#038;p=3108"},"modified":"2025-11-20T08:50:38","modified_gmt":"2025-11-20T07:50:38","slug":"zascutna-krema-za-usnje-leather-protection-cream","status":"publish","type":"product","link":"https:\/\/shop.zakelj.si\/en\/product\/zascutna-krema-za-usnje-leather-protection-cream\/","title":{"rendered":"ZA\u0160\u010cITNA KREMA ZA USNJE (Leather Protection Cream)"},"content":{"rendered":"<p>Leather protection cream je za\u0161\u010ditna krema za usnje, izdelana na vodni osnovi in<strong> primerna za uporabo na vseh vrstah usnja<\/strong>, razen na nubuk, velur in semi\u0161 usnju. <strong>Leather protection cream zagotavlja odli\u010dno za\u0161\u010dito pred oljnimi, vodnimi in alkoholnimi made\u017ei<\/strong>. Krema \u0161\u010diti usnje pred vsakodnevnim nalaganjem umazanije, znojem, telesnimi ma\u0161\u010dobami, obenem pa usnje ohrani pro\u017eno, mehko in lepo.<\/p>\n<p><strong>Krema ne pu\u0161\u010da lis in ne spremeni sijaja, ter poudari oprijem usnja<\/strong>.<\/p>\n<p>Z redno nego boste va\u0161e <strong>usnje za\u0161\u010ditili pred izsu\u0161itvijo in pokanjem, ter mu tako podalj\u0161ali \u017eivljenjsko dobo.<\/strong> Za\u0161\u010ditna krema Leather Protection Cream vam iz analinskega usnja <strong>odstrani tudi manj\u0161e povr\u0161inske praske.<\/strong><\/p>","protected":false},"excerpt":{"rendered":"<p>Vsebuje: 250ml za\u0161\u010ditne kreme za usnje<\/p>\n<p>Navodilo za uporabo<\/p>","protected":false},"featured_media":3109,"template":"","meta":[],"_links":{"self":[{"href":"https:\/\/shop.zakelj.si\/en\/wp-json\/wp\/v2\/product\/3108"}],"collection":[{"href":"https:\/\/shop.zakelj.si\/en\/wp-json\/wp\/v2\/product"}],"about":[{"href":"https:\/\/shop.zakelj.si\/en\/wp-json\/wp\/v2\/types\/product"}],"wp:featuredmedia":[{"embeddable":true,"href":"https:\/\/shop.zakelj.si\/en\/wp-json\/wp\/v2\/media\/3109"}],"wp:attachment":[{"href":"https:\/\/shop.zakelj.si\/en\/wp-json\/wp\/v2\/media?parent=3108"}],"curies":[{"name":"wp","href":"https:\/\/api.w.org\/{rel}","templated":true}]}}