{"id":3040,"date":"2025-05-15T14:42:07","date_gmt":"2025-05-15T12:42:07","guid":{"rendered":"https:\/\/shop.zakelj.si\/?post_type=product&#038;p=3040"},"modified":"2025-11-10T09:05:07","modified_gmt":"2025-11-10T08:05:07","slug":"toscana","status":"publish","type":"product","link":"https:\/\/shop.zakelj.si\/en\/product\/toscana\/","title":{"rendered":"TOSCANA"},"content":{"rendered":"<p><strong>Sede\u017ena garnitura TOSCANA se pona\u0161a z eleganco in minimalisti\u010dnim izgledom ter vrhunskim udobjem za najbolj zahtevne.<\/strong><\/p>\n<p>Ozke in tanke linije, a hkrati udobne sede\u017ene in naslonske blazine. <strong>Zaradi kakovostno polnjenih blazin Toscana nudi res izrazito udobje sedenja.<\/strong><\/p>\n<p>Naslonske blazine si lahko nastavite po \u017eelji, v bolj pokon\u010dni ali polo\u017eni polo\u017eaj, odvisno od na\u010dina uporabe sede\u017ene garniture. Sestav Toscana vsebuje tudi 2 <strong>premi\u010dna vzglavnika<\/strong>, ki ju lahko namestite kjerkoli na sede\u017eni garnituri. Z vzglavnikom se <strong>povi\u0161a vi\u0161ina naslona in tako lepo podpre ramenski obro\u010d in glavo.<\/strong><\/p>\n<p>Toscana stoji na <strong>17cm visokih kovinskih \u010drnih nogicah,<\/strong> premer 20mm. Nogice so barvane na \u010drno strukturno barvo. Zaradi visokega podno\u017eja bo Toscana v va\u0161em bivalnem prostoru delovala izredno <strong>zra\u010dno in lahkotno<\/strong>.<\/p>\n<p>Sede\u017ena garnitura Toscana je izdelana iz <strong>govejega usnja vrhunske kakovosti.<\/strong> Usnje je izredno mehko in prijetno na otip, je usnje kjer so ohranjene glavne lastnosti usnja, ki poudarijo njegovo kakovost in presti\u017e. Usnje TOUCH ima to lastnost, da je <strong>gladko<\/strong>, ni opazna struktura ko\u017ee in tako deluje \u0161e bolj <strong>prefinjeno, voljno in mehko.<\/strong> Usnje zaradi svojih naravnih lastnosti in izjemne kakovosti surove ko\u017ee nudi najdalj\u0161o \u017eivljenjsko dobo izdelka. Je tudi material, ki je najbolj enostaven za vzdr\u017eevanje in je <strong>primeren tudi za astmatike in alergike.<\/strong><\/p>\n<p>Izdelki <strong>\u017dakelj so sinonim kakovosti, dolge \u017eivljenjske dobe in zanesljivosti.<\/strong> Vgrajujemo je najbolj\u0161e materiale, ki so uporabniku prijazni, izdelku pa omogo\u010dajo brezhibno kakovost in udobje, ki traja.<\/p>","protected":false},"excerpt":{"rendered":"<p><strong>Cena velja za eksponat v odprodaji.<\/strong><\/p>\n<p>Redna cena 6.829\u20ac<\/p>\n<p><strong>Dimenzije: 300x180cm + 2kos vzglavnik<\/strong><\/p>\n<p>Odprti zaklju\u010dek 35cm + dvosed 170cm + le\u017ealnik 85x180cm + stranica<\/p>\n<p><strong>2 kos vzglavnik<\/strong><\/p>\n<p>u9- <strong>goveje usnje vrhunske kakovosti<\/strong> TOUCH 607114<\/p>\n<p>Globina 97cm<\/p>\n<p>Globina sede\u017ea 63cm<\/p>\n<p>Vi\u0161ina 87cm<\/p>\n<p>Vi\u0161ina sede\u017ea 42cm<\/p>\n<p>Sede\u017ena garnitura je eksponat v odprodaji.<\/p>\n<p>Ogled in nakup je mo\u017een v pohi\u0161tvenem salonu <a href=\"https:\/\/shop.zakelj.si\/en\/kontakt\/\">\u017dakelj Lesce<\/a><\/p>\n<p>&nbsp;<\/p>","protected":false},"featured_media":3041,"template":"","meta":[],"_links":{"self":[{"href":"https:\/\/shop.zakelj.si\/en\/wp-json\/wp\/v2\/product\/3040"}],"collection":[{"href":"https:\/\/shop.zakelj.si\/en\/wp-json\/wp\/v2\/product"}],"about":[{"href":"https:\/\/shop.zakelj.si\/en\/wp-json\/wp\/v2\/types\/product"}],"wp:featuredmedia":[{"embeddable":true,"href":"https:\/\/shop.zakelj.si\/en\/wp-json\/wp\/v2\/media\/3041"}],"wp:attachment":[{"href":"https:\/\/shop.zakelj.si\/en\/wp-json\/wp\/v2\/media?parent=3040"}],"curies":[{"name":"wp","href":"https:\/\/api.w.org\/{rel}","templated":true}]}}