{"id":2466,"date":"2023-10-10T14:03:43","date_gmt":"2023-10-10T12:03:43","guid":{"rendered":"https:\/\/shop.zakelj.si\/?post_type=product&#038;p=2466"},"modified":"2025-10-16T12:45:53","modified_gmt":"2025-10-16T10:45:53","slug":"flow-2","status":"publish","type":"product","link":"https:\/\/shop.zakelj.si\/en\/product\/flow-2\/","title":{"rendered":"FLOW"},"content":{"rendered":"<p><strong>Modularna<\/strong> sede\u017ena garnitura FLOW ima <strong>prestavljive naslonske<\/strong> <strong>blazine<\/strong>. Pomeni, da si naslonski element postavimo na \u017eeleno pozicijo in si s tem ustvarimo idealen prostor za sedenje ali le\u017eanje.<\/p>\n<p>Sedalna elementa sta lahko <strong>samostojna ali postavljana fiksno skupaj.<\/strong> Lahko se ju postavi v obliki postelje.<\/p>\n<p>FLOW stoji na \u010drnih <strong>kovinskih nogicah<\/strong> vi\u0161ine <strong>12cm<\/strong> in premera 28mm. Na spodnji strani nogic je pritrjena za\u0161\u010dita \/ filc.<\/p>\n<p><strong>Tkanina<\/strong> iz katere je sede\u017ena garnitura FLOW izdelana je izredno <strong>trpe\u017ena<\/strong> in tovarni\u0161ko <strong>za\u0161\u010ditena<\/strong> proti vdoru teko\u010dine in prahu. Je enostavna za vzdr\u017eevanje in ima dolgo \u017eivljenjsko dobo.<\/p>\n<p><strong>Sede\u017e<\/strong> je kakovostno <strong>vzmeten<\/strong> saj ima vgrajeno jedro iz \u017eepkastih vzmeti, zgoraj pa je<strong> plast hladno valjane pene za ve\u010dje udobje<\/strong>. Sede\u017ena je tako primerna tudi za vsakodnevno spanje.<\/p>\n<p>Izdelki\u00a0<strong>\u017dakelj<\/strong>\u00a0so plod slovenskega znanja, tradicije in izku\u0161enj. So izredno\u00a0<strong>kakovostni<\/strong>\u00a0izdelki, ki kljub dnevni in dolgoro\u010dni uporabi delujejo<strong>\u00a0brezhibno<\/strong>.<\/p>","protected":false},"excerpt":{"rendered":"<p><strong>Cena velja za eksponat v odprodaji!<\/strong><\/p>\n<p><strong>Redna cena 3.506\u20ac -10%<\/strong><\/p>\n<p>Dimenzije <strong>190x270cm<\/strong><\/p>\n<p>Sede\u017eni element<strong> 190\/80<\/strong> + element <strong>190x100cm<\/strong><\/p>\n<p>3x <strong>premi\u010dni naslon<\/strong><\/p>\n<p>1x <strong>premi\u010dni rokonaslon<\/strong><\/p>\n<p>Vi\u0161ina 78cm<\/p>\n<p>Vi\u0161ina sede\u017ea 42cm<\/p>\n<p>Globino sede\u017ea se poljubno prilagodi, ker so naslonske blazine premi\u010dne<\/p>\n<p>Tkanina ; t4 &#8211;<strong> tkanina bolj\u0161e kakovosti<\/strong>, obdelana z aqua clean nanosom za enostavno vzdr\u017eevanje<\/p>\n<p>Sede\u017ena garnitura je eksponat v odprodaji.<\/p>\n<p>Ogled in nakup je mo\u017een v pohi\u0161tvenem salonu <a href=\"https:\/\/shop.zakelj.si\/en\/kontakt\/\">\u017dakelj Lesce<\/a><\/p>","protected":false},"featured_media":2745,"template":"","meta":[],"_links":{"self":[{"href":"https:\/\/shop.zakelj.si\/en\/wp-json\/wp\/v2\/product\/2466"}],"collection":[{"href":"https:\/\/shop.zakelj.si\/en\/wp-json\/wp\/v2\/product"}],"about":[{"href":"https:\/\/shop.zakelj.si\/en\/wp-json\/wp\/v2\/types\/product"}],"wp:featuredmedia":[{"embeddable":true,"href":"https:\/\/shop.zakelj.si\/en\/wp-json\/wp\/v2\/media\/2745"}],"wp:attachment":[{"href":"https:\/\/shop.zakelj.si\/en\/wp-json\/wp\/v2\/media?parent=2466"}],"curies":[{"name":"wp","href":"https:\/\/api.w.org\/{rel}","templated":true}]}}