{"id":2436,"date":"2023-09-20T12:40:56","date_gmt":"2023-09-20T10:40:56","guid":{"rendered":"https:\/\/shop.zakelj.si\/?post_type=product&#038;p=2436"},"modified":"2025-09-06T08:39:29","modified_gmt":"2025-09-06T06:39:29","slug":"cubian-2","status":"publish","type":"product","link":"https:\/\/shop.zakelj.si\/en\/product\/cubian-2\/","title":{"rendered":"CUBIAN"},"content":{"rendered":"<p>Sede\u017ena garnitura CUBIAN je sestavljivo, dinami\u010dno postavljiva sede\u017ena garnitura.\u00a0<strong>Posebnost<\/strong>\u00a0modela CUBIAN je\u00a0<strong>poljubno sestavljanje, saj lahko iz izbranih elementov enostavno sestavite ve\u010d razli\u010dnih sestavov.\u00a0<\/strong><\/p>\n<p>Sistem sestavljanja je enostaven in hiter.<\/p>\n<p>Sestav je sestavljen iz sede\u017enih elementov 75cm in tabureja 75cmx95cm . <b>Elemente lahko poljubno sestavljate.<\/b><\/p>\n<p>Tkanina iz katere je CUBIAN izdelan je izredno prijetna in enostavna za vzdr\u017eevanje.<\/p>\n<p>Naslonske blazine so vklju\u010dene v ceno.<\/p>\n<p>Cubian je\u00a0<strong>vzmeten s kovinskimi\u00a0<\/strong>valovitim<strong>i<\/strong>\u00a0<strong>vzmetmi<\/strong>\u00a0in ve\u010dplastno gumirano peno.<\/p>\n<p>Izdelki\u00a0<strong>\u017dakelj<\/strong>\u00a0so plod slovenskega znanja, tradicije in izku\u0161enj. So izredno\u00a0<strong>kakovostni<\/strong>\u00a0izdelki, ki kljub dnevni in dolgoro\u010dni uporabi delujejo<strong>\u00a0brezhibno<\/strong>.<\/p>","protected":false},"excerpt":{"rendered":"<p><strong>Cena velja za eksponat v odprodaji!<\/strong><\/p>\n<p><strong>Redna cena 2.792,90\u20ac<\/strong><\/p>\n<p>Dimenzije 250cm + tabure 75x95cm<\/p>\n<p>Vsi elementi so premi\u010dni in\u00a0 imajo mo\u017enost prilagajanja<\/p>\n<p>Vi\u0161ina; 62cm<\/p>\n<p>Vi\u0161ina sede\u017ea: 42cm<\/p>\n<p>Globina: 95cm<\/p>\n<p>Globina sede\u017ea: 70cm<\/p>\n<p><strong>Tkanina<\/strong> t4 \u2013CERES 04 <strong>za\u0161\u010ditena z impregnacijo proti vdoru teko\u010dine in prahu<\/strong><\/p>\n<p>Sede\u017ena garnitura je<strong>\u00a0eksponat v odprodaji!<\/strong><\/p>\n<p>&nbsp;<\/p>","protected":false},"featured_media":2437,"template":"","meta":[],"_links":{"self":[{"href":"https:\/\/shop.zakelj.si\/en\/wp-json\/wp\/v2\/product\/2436"}],"collection":[{"href":"https:\/\/shop.zakelj.si\/en\/wp-json\/wp\/v2\/product"}],"about":[{"href":"https:\/\/shop.zakelj.si\/en\/wp-json\/wp\/v2\/types\/product"}],"wp:featuredmedia":[{"embeddable":true,"href":"https:\/\/shop.zakelj.si\/en\/wp-json\/wp\/v2\/media\/2437"}],"wp:attachment":[{"href":"https:\/\/shop.zakelj.si\/en\/wp-json\/wp\/v2\/media?parent=2436"}],"curies":[{"name":"wp","href":"https:\/\/api.w.org\/{rel}","templated":true}]}}