{"id":2367,"date":"2023-07-18T08:59:30","date_gmt":"2023-07-18T06:59:30","guid":{"rendered":"https:\/\/shop.zakelj.si\/?post_type=product&#038;p=2367"},"modified":"2025-08-22T18:21:30","modified_gmt":"2025-08-22T16:21:30","slug":"negovalni-robcki-za-usnje-leather-protection-cream-wipes","status":"publish","type":"product","link":"https:\/\/shop.zakelj.si\/en\/product\/negovalni-robcki-za-usnje-leather-protection-cream-wipes\/","title":{"rendered":"NEGOVALNI ROB\u010cKI ZA USNJE (Leather Protection Cream Wipes)"},"content":{"rendered":"<p>Tulec z <strong>60 negovalnimi rob\u010dki za usnje z za\u0161\u010ditno kremo<\/strong> Leather Protect Cream. Leather Protect Cream je negovalno za\u0161\u010ditna krema za usnje, izdelana na vodni osnovi in je primerna za nego in za\u0161\u010dito vseh vrst usnja razen nabuk, velur in semi\u0161.<\/p>\n<p><strong>Zagotavlja odli\u010dno za\u0161\u010dito pred vodnimi, oljnimi in alkoholnimi made\u017ei<\/strong>. Krema \u0161\u010diti usnje pred umazanijo, obenem pa ohranja usnje pro\u017eno, mehko in lepo.<\/p>\n<p>Krema vsebuje osnovni UV filter in srednjo stopnjo leska.<\/p>\n<p>Negovalno za\u0161\u010ditna krema Leather Protection Cream iz analinskega usnja <strong>odstrani tudi manj\u0161e povr\u0161inske praske.<\/strong><\/p>\n<p>Najbolj\u0161o za\u0161\u010dito dose\u017eete, da pred nanosom za\u0161\u010ditne kreme z usnja odstranite vso umazanijo s \u010distilom.<\/p>\n<p>En rob\u010dek zado\u0161\u010da za <strong>obdelavo 1-2 sede\u017eev.<\/strong><\/p>","protected":false},"excerpt":{"rendered":"<p>Vsebuje:<\/p>\n<ul>\n<li>60 mehkih negovalnih rob\u010dkov prepojenih z za\u0161\u010ditno kremo za usnje<\/li>\n<li>navodilo za uporabo<\/li>\n<\/ul>","protected":false},"featured_media":2368,"template":"","meta":[],"_links":{"self":[{"href":"https:\/\/shop.zakelj.si\/en\/wp-json\/wp\/v2\/product\/2367"}],"collection":[{"href":"https:\/\/shop.zakelj.si\/en\/wp-json\/wp\/v2\/product"}],"about":[{"href":"https:\/\/shop.zakelj.si\/en\/wp-json\/wp\/v2\/types\/product"}],"wp:featuredmedia":[{"embeddable":true,"href":"https:\/\/shop.zakelj.si\/en\/wp-json\/wp\/v2\/media\/2368"}],"wp:attachment":[{"href":"https:\/\/shop.zakelj.si\/en\/wp-json\/wp\/v2\/media?parent=2367"}],"curies":[{"name":"wp","href":"https:\/\/api.w.org\/{rel}","templated":true}]}}