{"id":2365,"date":"2023-07-17T14:12:12","date_gmt":"2023-07-17T12:12:12","guid":{"rendered":"https:\/\/shop.zakelj.si\/?post_type=product&#038;p=2365"},"modified":"2025-11-13T20:23:37","modified_gmt":"2025-11-13T19:23:37","slug":"cistilo-za-tekstil-fabric-cleaner","status":"publish","type":"product","link":"https:\/\/shop.zakelj.si\/en\/product\/cistilo-za-tekstil-fabric-cleaner\/","title":{"rendered":"\u010cISTILO ZA TEKSTIL (Fabric Cleaner)"},"content":{"rendered":"<p>\u010cistilo za tekstil \/ Fabric Cleaner je <strong>osnovno \u010distilo,<\/strong> namenjeno \u010di\u0161\u010denju<strong> tekstilnih vlaken in mikrovlaken na oblazinjenem pohi\u0161tvu,<\/strong> preprogah in odejah.<\/p>\n<p>Odstrani obi\u010dajno umazanijo.<strong> Zelo je u\u010dinkovito pri odstranjevanju mastnih made\u017eev.<\/strong><\/p>\n<p>Po \u010di\u0161\u010denju oblazinjenega pohi\u0161tva priporo\u010damo \u0161e za\u0161\u010dito z sredstvom Fabric Protector.<\/p>","protected":false},"excerpt":{"rendered":"<p>Vsebuje<\/p>\n<ul>\n<li>\u010distilo za tkanine \/ fabric cleaner 500ml<\/li>\n<li>navodilo za uporabo<\/li>\n<\/ul>","protected":false},"featured_media":2366,"template":"","meta":[],"_links":{"self":[{"href":"https:\/\/shop.zakelj.si\/en\/wp-json\/wp\/v2\/product\/2365"}],"collection":[{"href":"https:\/\/shop.zakelj.si\/en\/wp-json\/wp\/v2\/product"}],"about":[{"href":"https:\/\/shop.zakelj.si\/en\/wp-json\/wp\/v2\/types\/product"}],"wp:featuredmedia":[{"embeddable":true,"href":"https:\/\/shop.zakelj.si\/en\/wp-json\/wp\/v2\/media\/2366"}],"wp:attachment":[{"href":"https:\/\/shop.zakelj.si\/en\/wp-json\/wp\/v2\/media?parent=2365"}],"curies":[{"name":"wp","href":"https:\/\/api.w.org\/{rel}","templated":true}]}}