{"id":2359,"date":"2023-07-17T13:49:08","date_gmt":"2023-07-17T11:49:08","guid":{"rendered":"https:\/\/shop.zakelj.si\/?post_type=product&#038;p=2359"},"modified":"2025-12-02T23:03:47","modified_gmt":"2025-12-02T22:03:47","slug":"zascitna-krema-za-usnje-leather-vital","status":"publish","type":"product","link":"https:\/\/shop.zakelj.si\/en\/product\/zascitna-krema-za-usnje-leather-vital\/","title":{"rendered":"NEGOVALNO SREDSTVO ZA ZELO IZSU\u0160ENO USNJE (Leather Vital)"},"content":{"rendered":"<p>Leather Vital je<strong> regeneracijska krema<\/strong> namenjana negi in regeneraciji vseh vrst in barv gladkega usnja, tudi starej\u0161ega. Letaher Vital ni primerno za nabuk, velik in semi\u0161 usnje.<\/p>\n<p>Regeneracijska krema Leather Vital<strong> prodre v usnje, ohranja vla\u017enost, mehkobo, ravnote\u017eje ma\u0161\u010dob v usnju ter ga s tem ohranja mehkega, voljnega in elasti\u010dnega.<\/strong><\/p>\n<p>Usnje zaradi ohranjanja navedenih lastnosti ne otrdi in posledi\u010dno ne razpoka. Celo starej\u0161emu, otrdelemu in grobemu usnju povrne pristnost in naraven izgled.<\/p>\n<p>Leather Vital <strong>odpravi neprijetno \u0161kripanje usnja<\/strong>. Z izdelkom leather vital velikokrat re\u0161imo te\u017eavo od ob\u010dutku da usnje ni ve\u010d tako mehko kot je bilo ob nakupu.<\/p>\n<p>Leather Vital ni za\u0161\u010dita za usnje. Za za\u0161\u010dito usnja po uporabi Leather Vitala uporabite Leather Protection Cream.<\/p>","protected":false},"excerpt":{"rendered":"<p>Vsebuje<\/p>\n<ul>\n<li>Leather Vital \/ regeneracijska krema namenjena negi in regeneraciji vseh vrst gladkega usnja 250ml<\/li>\n<li>navodilo za uporabo<\/li>\n<\/ul>","protected":false},"featured_media":2360,"template":"","meta":[],"_links":{"self":[{"href":"https:\/\/shop.zakelj.si\/en\/wp-json\/wp\/v2\/product\/2359"}],"collection":[{"href":"https:\/\/shop.zakelj.si\/en\/wp-json\/wp\/v2\/product"}],"about":[{"href":"https:\/\/shop.zakelj.si\/en\/wp-json\/wp\/v2\/types\/product"}],"wp:featuredmedia":[{"embeddable":true,"href":"https:\/\/shop.zakelj.si\/en\/wp-json\/wp\/v2\/media\/2360"}],"wp:attachment":[{"href":"https:\/\/shop.zakelj.si\/en\/wp-json\/wp\/v2\/media?parent=2359"}],"curies":[{"name":"wp","href":"https:\/\/api.w.org\/{rel}","templated":true}]}}