{"id":2353,"date":"2023-07-17T13:22:47","date_gmt":"2023-07-17T11:22:47","guid":{"rendered":"https:\/\/shop.zakelj.si\/?post_type=product&#038;p=2353"},"modified":"2025-08-31T18:57:39","modified_gmt":"2025-08-31T16:57:39","slug":"zacita-za-tekstil-fabric-protector","status":"publish","type":"product","link":"https:\/\/shop.zakelj.si\/en\/product\/zacita-za-tekstil-fabric-protector\/","title":{"rendered":"ZA\u0160\u010cITNO SREDSTVO ZA TEKSTIL (Fabric Protector)"},"content":{"rendered":"<p><strong>Fabric Protector \/ za\u0161\u010ditno sredstvo za tekstil\u00a0<\/strong>je za\u0161\u010ditno impregnacijsko sredstvo za tekstil v razpr\u0161ilu, narejeno na vodni osnovi. <strong>Za\u0161\u010diti ve\u010dino vrst tekstila, mikrovlaken in tudi preprog<\/strong> pred pojavom made\u017eev hrane, pija\u010de, ma\u0161\u010dob, znoja.<\/p>\n<p>Po uporabi je tekstil <strong>zra\u010dno propusten in hidrofobno<\/strong> za\u0161\u010diten pred umazanijo in teko\u010dinami.<\/p>\n<p>Fabric protector je <strong>preprost za uporabo, brez vonja<\/strong> namenjen za\u0161\u010diti novega tekstila ali za\u0161\u010diti tekstila po \u010di\u0161\u010denju.<\/p>\n<p>Lahko se nana\u0161a neposredno na vla\u017eno o\u010di\u0161\u010deno povr\u0161ino ali \u010disto suho tkanino. Po za\u0161\u010diti tkanine s Fabric Protectorjem se made\u017ei ne vpijejo v vlakna in je tako \u010di\u0161\u010denje tkanine bolj enostavno in u\u010dinkovito.<\/p>","protected":false},"excerpt":{"rendered":"<p>Vsebina<\/p>\n<ul>\n<li>Fabric protector \/ za\u0161\u010dita za tkanine v razpr\u0161ilu 500ml<\/li>\n<\/ul>","protected":false},"featured_media":2356,"template":"","meta":[],"_links":{"self":[{"href":"https:\/\/shop.zakelj.si\/en\/wp-json\/wp\/v2\/product\/2353"}],"collection":[{"href":"https:\/\/shop.zakelj.si\/en\/wp-json\/wp\/v2\/product"}],"about":[{"href":"https:\/\/shop.zakelj.si\/en\/wp-json\/wp\/v2\/types\/product"}],"wp:featuredmedia":[{"embeddable":true,"href":"https:\/\/shop.zakelj.si\/en\/wp-json\/wp\/v2\/media\/2356"}],"wp:attachment":[{"href":"https:\/\/shop.zakelj.si\/en\/wp-json\/wp\/v2\/media?parent=2353"}],"curies":[{"name":"wp","href":"https:\/\/api.w.org\/{rel}","templated":true}]}}