{"id":1125,"date":"2020-12-07T06:43:09","date_gmt":"2020-12-07T05:43:09","guid":{"rendered":"https:\/\/shop.zakelj.si\/?post_type=product&#038;p=1125"},"modified":"2026-03-14T14:58:59","modified_gmt":"2026-03-14T13:58:59","slug":"cistilo-za-mikrotkanine","status":"publish","type":"product","link":"https:\/\/shop.zakelj.si\/en\/product\/cistilo-za-mikrotkanine\/","title":{"rendered":"\u010cistilo za mikrotkanine"},"content":{"rendered":"<p class=\"plain\" align=\"justify\"><b>Microfibre Care Kit<\/b> je set, ki vsebuje 2 izdelka namenjena \u010di\u0161\u010denju mikrovlaken in alkantare.<\/p>\n<p class=\"plain\" align=\"justify\"><b>Microfibre Cleaner<\/b> je teko\u010de \u010distilo z razpr\u0161ilcem, ki vsebuje posebno sestavo \u010distil <strong>namenjeno \u010di\u0161\u010denju mikrovlaken<\/strong> in <strong>odstranjevanje <\/strong><strong>hrane, pija\u010de in made\u017eev ve\u010dine kemi\u010dnih svin\u010dnikov.<\/strong> \u010cistila ne uporabljajte na svili, vinilu (umetnem usnju, raztegljivi plastiki) ali usnju. \u010cistilo je narejeno na vodni osnovi.<\/p>\n<p class=\"plain\" align=\"justify\"><b>Kopalna rokavica<\/b> iz frotirja, je narejena iz \u010distega bomba\u017ea, ki zelo ne\u017eno ter u\u010dinkovito odstranjuje umazanijo z mikrovlaken. Ko se uma\u017ee, jo izperete v \u010disti vodi ali operete v pralnem stroju.<\/p>\n<p align=\"justify\"><b>Microfibre Cleaning Cloth<\/b> je platnena \u010distilna krpa, povr\u0161insko obdelana s posebnim premazom in namenjena \u010di\u0161\u010denju suhe povr\u0161inske umazanije ter suhih ostankov made\u017eev na povr\u0161ini mikrovlaken. \u010cistilna krpa zelo lepo obnovi \u017eametni izgled mikrovlaken in alkantare.<\/p>\n<p class=\"plain\" align=\"justify\">Koli\u010dina izdelkov v setu v povpre\u010dju zado\u0161\u010da za \u010di\u0161\u010denje 5 do 6 sede\u017eev; 10-15m<sup>2<\/sup> tkanine. Poraba \u010distil je najbolj odvisna od stopnje umazanosti mikrovlaken.<\/p>\n<p align=\"justify\">Na\u010din obdelave mikrovlaken je preprost in zagotavlja hitro ter u\u010dinkovito \u010di\u0161\u010denje brez nevarnosti obleditve in pojava lis. Z rednim \u010di\u0161\u010denjem mikrovlaken in sprotnim odstranjevanjem made\u017eev poskrbimo za \u017eeljeno \u010disto\u010do in visoko stopnjo higiene. V kolikor mikrovlaken ne \u010distimo dovolj pogosto in redno, bodo ma\u0161\u010dobne kisline znoja, ume\u0161anega prahu in umazanije prodrle v mikrovlakna, kar poslab\u0161a izgled (povr\u0161ina posatne zaribana) in lahko povzro\u010di velike po\u0161kodbe mikrovlaken. Ker so mikrovlakna sestavljena iz dveh med seboj zlepljenih plasti (nosilno platno spodaj in plast mikrovlaken zgoraj), obstaja zaradi neredne nege nevarnost lo\u010devanja obeh plasti.<\/p>","protected":false},"excerpt":{"rendered":"<p class=\"plain\" align=\"justify\"><b>Vsebina<\/b><\/p>\n<ul>\n<li class=\"plain\">\n<div align=\"justify\">1 kos Microfibre Cleaning Cloth<\/div>\n<\/li>\n<li class=\"plain\">\n<div align=\"justify\">225 ml Microfibre Cleaner<\/div>\n<\/li>\n<li class=\"plain\">\n<div align=\"justify\">1 kopalna rokavica, 2 gobi, 1 navodilo za uporabo<\/div>\n<\/li>\n<\/ul>","protected":false},"featured_media":2326,"template":"","meta":[],"_links":{"self":[{"href":"https:\/\/shop.zakelj.si\/en\/wp-json\/wp\/v2\/product\/1125"}],"collection":[{"href":"https:\/\/shop.zakelj.si\/en\/wp-json\/wp\/v2\/product"}],"about":[{"href":"https:\/\/shop.zakelj.si\/en\/wp-json\/wp\/v2\/types\/product"}],"wp:featuredmedia":[{"embeddable":true,"href":"https:\/\/shop.zakelj.si\/en\/wp-json\/wp\/v2\/media\/2326"}],"wp:attachment":[{"href":"https:\/\/shop.zakelj.si\/en\/wp-json\/wp\/v2\/media?parent=1125"}],"curies":[{"name":"wp","href":"https:\/\/api.w.org\/{rel}","templated":true}]}}