{"id":1124,"date":"2020-12-07T06:42:12","date_gmt":"2020-12-07T05:42:12","guid":{"rendered":"https:\/\/shop.zakelj.si\/?post_type=product&#038;p=1124"},"modified":"2026-04-02T13:30:36","modified_gmt":"2026-04-02T11:30:36","slug":"cistilo-za-usnje","status":"publish","type":"product","link":"https:\/\/shop.zakelj.si\/en\/product\/cistilo-za-usnje\/","title":{"rendered":"SET ZA NEGO USNJA"},"content":{"rendered":"<p>Leather Care Kit vsebuje 2 izdelka za nego povr\u0161insko barvanega usnja.<\/p>\n<p class=\"plain\"><b>Leather Soft Cleaner<\/b> iz anilinskega in krito barvanega usnja o\u010disti razli\u010dne vrste made\u017eev in umazanij. Izdelek je narejen na vodni osnovi, prodre v povr\u0161ino in \u010disti brez nevarnosti po\u0161kodbe usnja.<\/p>\n<p><b>Leather Protection Cream<\/b> pomaga pri odbijanju made\u017eev in umazanije na va\u0161em anilinskem, pol-anilinskem in krito barvanem gladkem usnju. Hkrati ohranja usnje mehko in pro\u017eno.<\/p>\n<p>Priporo\u010damo, da se usnjene sede\u017ene garniture vsaj enkrat letno prema\u017ee z ustrezno za\u0161\u010ditno kremo, ki usnje navla\u017ei ter pove\u010da njegovo mehkobo in voljnost. Najbolje je, da se to naredi jeseni, saj je v zimskem \u010dasu zrak v bivalnih prostorih zaradi ogrevanja bolj suh.<\/p>\n<p class=\"plain\">Seti za nego gladkega usnja, pokrivajo potrebe redne nege anilinskega-A, pol-anilinskega-P in krito barvanega gladkega usnja-P. <b>Seti niso primerni za nego nubuk, velur in semi\u0161 usnja<\/b> na sede\u017eih, obla\u010dilih, galanterijskih izdelkih in obutvi.<\/p>","protected":false},"excerpt":{"rendered":"<p class=\"plain\" align=\"justify\"><b>Vsebina<\/b><\/p>\n<ul>\n<li class=\"plain\">\n<div align=\"justify\">250 ml Leather Protection Cream<\/div>\n<\/li>\n<li class=\"plain\">\n<div align=\"justify\">250 ml Leather Soft Cleaner<\/div>\n<\/li>\n<li class=\"plain\">\n<div align=\"justify\">2 mehki krpi, 2 gobi, 1 navodila za uporabo<\/div>\n<\/li>\n<\/ul>","protected":false},"featured_media":2370,"template":"","meta":[],"_links":{"self":[{"href":"https:\/\/shop.zakelj.si\/en\/wp-json\/wp\/v2\/product\/1124"}],"collection":[{"href":"https:\/\/shop.zakelj.si\/en\/wp-json\/wp\/v2\/product"}],"about":[{"href":"https:\/\/shop.zakelj.si\/en\/wp-json\/wp\/v2\/types\/product"}],"wp:featuredmedia":[{"embeddable":true,"href":"https:\/\/shop.zakelj.si\/en\/wp-json\/wp\/v2\/media\/2370"}],"wp:attachment":[{"href":"https:\/\/shop.zakelj.si\/en\/wp-json\/wp\/v2\/media?parent=1124"}],"curies":[{"name":"wp","href":"https:\/\/api.w.org\/{rel}","templated":true}]}}