{"id":1120,"date":"2020-12-07T06:42:03","date_gmt":"2020-12-07T05:42:03","guid":{"rendered":"https:\/\/shop.zakelj.si\/?post_type=product&#038;p=1120"},"modified":"2026-02-06T13:04:15","modified_gmt":"2026-02-06T12:04:15","slug":"cistilo-za-tkana-blaga","status":"publish","type":"product","link":"https:\/\/shop.zakelj.si\/en\/product\/cistilo-za-tkana-blaga\/","title":{"rendered":"SET ZA NEGO TKANIN"},"content":{"rendered":"<p class=\"plain\"><b>Textile Care Kit<\/b> je set, ki vsebuje 2 izdelka namenjena negi (\u010di\u0161\u010denju in za\u0161\u010diti) ve\u010dine vrst tekstila, blaga, mikrovlaken, alkantare in podobnih vrst vlaken (razen \u010diste volne in svile). Na\u010din obdelave je preprost in zagotavlja hitro \u010di\u0161\u010denje brez obleditve in ostanka made\u017eev.<\/p>\n<p class=\"plain\"><b>Textile Cleaner<\/b> je posebno \u010distilo namenjeno \u010di\u0161\u010denju ve\u010dine raznovrstnih vlaken: naravnih (razen \u010diste volne in svile), umetnih (sinteti\u010dnih), me\u0161anih vlaken in mikrovlaken. Po vsakem \u010di\u0161\u010denju svetujemo obnovo za\u0161\u010dite s Textile Protector W. \u010cistilo je narejeno na vodni osnovi.<\/p>\n<p class=\"plain\"><b>Textile Protector W<\/b> je razpr\u0161ilec na vodni osnovi namenjen za\u0161\u010diti tekstila, mikrovlaken, preprog, itd. z namenom za\u0161\u010dite pred pojavom made\u017eev hrane in pija\u010de, ma\u0161\u010dob, mastnih kislin od potenja, itd. Textile Protector W je preprost za uporabo in namenjen za\u0161\u010diti novega tekstila ali po rednem \u010di\u0161\u010denju oz. odstranitvi made\u017ea in se lahko nana\u0161a neposredno na \u0161e vla\u017eno o\u010di\u0161\u010deno tkanino. Za\u0161\u010dita je u\u010dinkovita le, \u010de se jo po vsakem \u010di\u0161\u010denju obnovi.<\/p>\n<p class=\"plain\" align=\"justify\"><b>Kopalna rokavica<\/b> iz frotirja, je narejena iz \u010distega bomba\u017ea, ki zelo ne\u017eno ter u\u010dinkovito odstranjuje umazanijo z mikrovlaken. Ko se uma\u017ee, jo izperete v \u010disti vodi ali operete v pralnem stroju.<\/p>","protected":false},"excerpt":{"rendered":"<p class=\"plain\" align=\"justify\"><b>Vsebina<\/b><\/p>\n<ul>\n<li class=\"plain\">\n<div align=\"justify\">225 ml Textile Cleaner<\/div>\n<\/li>\n<li class=\"plain\">\n<div align=\"justify\">225 ml Textile Protector W<\/div>\n<\/li>\n<li class=\"plain\">\n<div align=\"justify\">1 kopalna rokavica, 1 goba, 1 navodilo za uporabo<\/div>\n<\/li>\n<\/ul>","protected":false},"featured_media":2330,"template":"","meta":[],"_links":{"self":[{"href":"https:\/\/shop.zakelj.si\/en\/wp-json\/wp\/v2\/product\/1120"}],"collection":[{"href":"https:\/\/shop.zakelj.si\/en\/wp-json\/wp\/v2\/product"}],"about":[{"href":"https:\/\/shop.zakelj.si\/en\/wp-json\/wp\/v2\/types\/product"}],"wp:featuredmedia":[{"embeddable":true,"href":"https:\/\/shop.zakelj.si\/en\/wp-json\/wp\/v2\/media\/2330"}],"wp:attachment":[{"href":"https:\/\/shop.zakelj.si\/en\/wp-json\/wp\/v2\/media?parent=1120"}],"curies":[{"name":"wp","href":"https:\/\/api.w.org\/{rel}","templated":true}]}}